{"id":2,"date":"2009-12-25T10:35:46","date_gmt":"2009-12-25T10:35:46","guid":{"rendered":"http:\/\/mpelleiko.gr\/?page_id=2"},"modified":"2025-03-10T21:32:14","modified_gmt":"2025-03-10T21:32:14","slug":"about-mpelleiko","status":"publish","type":"page","link":"https:\/\/mpelleiko.gr\/de\/","title":{"rendered":"\u00dcber Mpelleiko"},"content":{"rendered":"<p>[vc_row][vc_column][rev_slider_vc alias=&#8220;homeslider_gr&#8220;][\/vc_column][\/vc_row][vc_row][vc_column][vc_custom_heading text=&#8220;\u00dcber Mpelleiko&#8220;][vc_column_text]<\/p>\n<h2>Platz von Stemnitsa<\/h2>\n<p>In den Platz von Stemnitsa, der in 1100 Meter H\u00f6he liegt, m\u00fcnden Strassen aus drei Richtungen. Die erste Strasse f\u00fchrt von Tripolis \u00fcber Levidi &#8211; Vitina &#8211; Dimitsana nach Stemnitsa. Die zweite Strasse zweigt bei Vitina in Richtung Pirgaki ab und f\u00fchrt \u00fcber Elati nach Stemnitsa, wobei man in einer halben Stunde Autofahrt einen legendenumwobenen Tannenwald durchquert, ein Naturdenkmal. Die dritte Strasse f\u00fchrt von Tripolis \u00fcber Chrissovitsi nach Stemnitsa. Auf dieser Strasse durchquert man die H\u00e4lfte des Waldes mit seinen 71 bewaldeten Gipfeln. Der Wald des Mainalo ist der Schmuck von Stemnitsa, der jahrhundertealten K\u00f6nigin und Herrin der Bergwelt von Arkadien. Er ist die mythische Heimat des Pan, und erinnert an das Leben als Fest.<\/p>\n<p><img loading=\"lazy\" decoding=\"async\" class=\"aligncenter size-full wp-image-113\" title=\"mpelleiko guesthouse stemnitsa\" src=\"https:\/\/mpelleiko.gr\/wp-content\/uploads\/2009\/12\/mpelleiko_guesthouse_CRW_0518.jpg\" alt=\"mpelleiko guesthouse stemnitsa\" width=\"670\" height=\"474\" srcset=\"https:\/\/mpelleiko.gr\/wp-content\/uploads\/2009\/12\/mpelleiko_guesthouse_CRW_0518.jpg 670w, https:\/\/mpelleiko.gr\/wp-content\/uploads\/2009\/12\/mpelleiko_guesthouse_CRW_0518-300x212.jpg 300w\" sizes=\"auto, (max-width: 670px) 100vw, 670px\" \/><\/p>\n<p><strong>In der Bergwelt Arkadiens ragen die drei St\u00e4dte Stemnitsa &#8211; Karitaina &#8211; Dimitsana aufgrund von Architektur, St\u00e4dtebau, geographischer Lage und Geschichte hervor. Sie sind Schmuckst\u00fccke des Peloponnes und Mitgift der sp\u00e4tbyzantinischen Volkskultur.<\/strong><\/p>\n<div id=\"toggletext\">Die Gegend von Stemnitsa ist durchsetzt von bedeutenden Denkm\u00e4lern. Die heiligen Ruinen der antiken Stadt Gortina von 400 v.Chr.. Das Kloster Filosofou von 930 n.Chr., das Kloster des Hl. Johannes der T\u00e4ufer, das in dominanter Lage erbaut wurde und das Rauschen des mythischen Flusses Lousios h\u00f6ren kann. Die Meteora-Kl\u00f6ster des Peloponnes. Etwas weiter n\u00f6rdlich befindet sich das h\u00fcbsche und gastfreundliche Kloster der Aimialon. Und all das bedeckt der mit Sternen bestickte Schleier des Lebens des unendlichen Waldes. Eine \u00dcberraschung folgt der anderen. Auch die 9 km lange Fahrt von Stemnitsa nach Dimitsana ist un\u00fcbertroffen. Eine Landschaft wie bei Delfi und noch sch\u00f6ner. Auf halbem Weg trifft man auf die Klosterbesitzung in dem Ort Hl. Dimitris, wo sowohl im Sommer als auch im Winter kaltes Wasser aus den steinernen Quellen flie\u00dft. Stemnitsa hat ihren Namen von dem urspr\u00fcnglich slawischen Ort \u00fcbernommen, und er bedeutet unzug\u00e4nglicher und bewaldeter Ort. Ihr offizieller Name ist Ypsous, Tochter des Ypsounta, eines der 50 Kinder des Arkadas, der Erde aller G\u00f6tter und mythischen Helden der Welt. Hermes, Salefkos, Athene hatten Arkadien als urspr\u00fcngliche Heimat, wo sie der Mythologie entsprechend als geistige Wesen in vielf\u00e4ltigen Metamorphosen leben<em>.<\/em> Kinder des uralten Volkes der Griechen, ausgestattet mit einer sehr differenzierten Gef\u00fchlswelt. Ganz zuf\u00e4llig sah ich beim Vorbeifahren ein kleines mit der Hand geschriebenes Schild: Bellaiko, ein altes traditionelles Steinhaus mit herrlicher Aussicht. Seinen Namen verdankt es dem Eigent\u00fcmer des Hauses, genannt Bellas. Niemand vermutet bei dem versteckt gelegenen Haus eine solche wunderbare Gr\u00f6\u00dfe. Nur 300 Meter oberhalb der Hauptstrasse von Stemnitsa.<\/div>\n<div><img loading=\"lazy\" decoding=\"async\" class=\"aligncenter size-full wp-image-691\" src=\"https:\/\/mpelleiko.gr\/wp-content\/uploads\/2009\/12\/mpelleiko-exoterikes-01.jpg\" alt=\"mpelleiko-stemnitsa-diamoni\" width=\"1240\" height=\"827\" srcset=\"https:\/\/mpelleiko.gr\/wp-content\/uploads\/2009\/12\/mpelleiko-exoterikes-01.jpg 1240w, https:\/\/mpelleiko.gr\/wp-content\/uploads\/2009\/12\/mpelleiko-exoterikes-01-300x200.jpg 300w, https:\/\/mpelleiko.gr\/wp-content\/uploads\/2009\/12\/mpelleiko-exoterikes-01-768x512.jpg 768w, https:\/\/mpelleiko.gr\/wp-content\/uploads\/2009\/12\/mpelleiko-exoterikes-01-1024x683.jpg 1024w, https:\/\/mpelleiko.gr\/wp-content\/uploads\/2009\/12\/mpelleiko-exoterikes-01-696x464.jpg 696w, https:\/\/mpelleiko.gr\/wp-content\/uploads\/2009\/12\/mpelleiko-exoterikes-01-1068x712.jpg 1068w, https:\/\/mpelleiko.gr\/wp-content\/uploads\/2009\/12\/mpelleiko-exoterikes-01-630x420.jpg 630w\" sizes=\"auto, (max-width: 1240px) 100vw, 1240px\" \/><\/div>\n<p>[\/vc_column_text][vc_row_inner][vc_column_inner width=&#8220;2\/3&#8243;][vc_column_text]<\/p>\n<div>Eine hinreissende Landschaft von gro\u00dfer Sch\u00f6nheit. Das Haus entstand durch den klugen und poetischen Instinkt des Menschen. Grenzenlose Horizonte bewegen sich wie Wellen musikalischer Harmonie vor und um das Haus herum. Gegen\u00fcber befindet sich der Berg Likaion, links im Hintergrund der legend\u00e4re Berg Taigetos und rechts das Ionische Meer mit Zakinthos in der Ferne. In jedem Zimmer ein Kamin f\u00fcr den Winter. Die Bettw\u00e4sche mit Lochstickerei aus Gro\u00dfmutters Zeiten und die bunten, gewebten Schlafdecken rufen urspr\u00fcngliche archetypische Emotionen hervor. Alle Fenster blicken ungehindert auf die unvergleichliche Landschaft, in der die Tannen stolz in ihrer epischen Einsamkeit dastehen. Zum Fr\u00fchst\u00fcck hausgemachte Speisen, deren Geschmack uns an den Reichtum der Tradition erinnert. Und der Preis der Zimmer ist vern\u00fcnftig und human. Eine Nacht im Bellaiko, diese Nacht und dein ganzes Leben lang im irdischen Paradies, als Treibstoff daf\u00fcr dient die Sch\u00f6nheit, die sich ohne viel zu sagen innerhalb und au\u00dferhalb deines Herzens aufbaut. Stemnitsa ist sch\u00f6n, und das Bellaiko ist seine Krone. Wichtig auch die heitere Gastfreundschaft und der Flei\u00df der Hauseigent\u00fcmerin Nena Gridsia, Besitzerin eines Universit\u00e4tsdiploms der Geologie Die episch-lyrische Reisebeschreibung von den Waldwegen des Mainalo bis zum Bellaiko ist das Produkt eines unverf\u00e4lschten Blicks und ein feuriger Traum der Seele.<\/div>\n<div><\/div>\n<div style=\"text-align: right;\">Kostas Stavropoulos<\/div>\n<p>[\/vc_column_text][\/vc_column_inner][vc_column_inner width=&#8220;1\/3&#8243;][vc_single_image image=&#8220;873&#8243; img_size=&#8220;medium&#8220; alignment=&#8220;right&#8220; onclick=&#8220;custom_link&#8220; img_link_target=&#8220;_blank&#8220; css_animation=&#8220;slideInRight&#8220; link=&#8220;https:\/\/www.booking.com\/hotel\/gr\/mpellaiko.html?aid=338702&#8243; title=&#8220;Online-Zimmerreservierung&#8220;][\/vc_column_inner][\/vc_row_inner][\/vc_column][\/vc_row]<\/p>","protected":false},"excerpt":{"rendered":"<p>[vc_row][vc_column][rev_slider_vc alias=&#8220;homeslider_gr&#8220;][\/vc_column][\/vc_row][vc_row][vc_column][vc_custom_heading text=&#8220;\u00dcber Mpelleiko&#8220;][vc_column_text] Platz von Stemnitsa In den Platz von Stemnitsa, der in 1100 Meter H\u00f6he liegt, m\u00fcnden Strassen aus drei Richtungen. Die erste Strasse f\u00fchrt von Tripolis \u00fcber Levidi &#8211; Vitina &#8211; Dimitsana nach Stemnitsa. Die zweite Strasse zweigt bei Vitina in Richtung Pirgaki ab und f\u00fchrt \u00fcber Elati nach Stemnitsa, wobei man [&hellip;]<\/p>\n","protected":false},"author":1,"featured_media":0,"parent":0,"menu_order":0,"comment_status":"closed","ping_status":"closed","template":"","meta":{"footnotes":""},"class_list":["post-2","page","type-page","status-publish","hentry"],"_links":{"self":[{"href":"https:\/\/mpelleiko.gr\/de\/wp-json\/wp\/v2\/pages\/2","targetHints":{"allow":["GET"]}}],"collection":[{"href":"https:\/\/mpelleiko.gr\/de\/wp-json\/wp\/v2\/pages"}],"about":[{"href":"https:\/\/mpelleiko.gr\/de\/wp-json\/wp\/v2\/types\/page"}],"author":[{"embeddable":true,"href":"https:\/\/mpelleiko.gr\/de\/wp-json\/wp\/v2\/users\/1"}],"replies":[{"embeddable":true,"href":"https:\/\/mpelleiko.gr\/de\/wp-json\/wp\/v2\/comments?post=2"}],"version-history":[{"count":6,"href":"https:\/\/mpelleiko.gr\/de\/wp-json\/wp\/v2\/pages\/2\/revisions"}],"predecessor-version":[{"id":930,"href":"https:\/\/mpelleiko.gr\/de\/wp-json\/wp\/v2\/pages\/2\/revisions\/930"}],"wp:attachment":[{"href":"https:\/\/mpelleiko.gr\/de\/wp-json\/wp\/v2\/media?parent=2"}],"curies":[{"name":"wp","href":"https:\/\/api.w.org\/{rel}","templated":true}]}}