{"id":2,"date":"2009-12-25T10:35:46","date_gmt":"2009-12-25T10:35:46","guid":{"rendered":"http:\/\/mpelleiko.gr\/?page_id=2"},"modified":"2025-03-10T21:32:14","modified_gmt":"2025-03-10T21:32:14","slug":"about-mpelleiko","status":"publish","type":"page","link":"https:\/\/mpelleiko.gr\/fr\/","title":{"rendered":"Mpelleiko, h\u00f4tel traditionnel"},"content":{"rendered":"<p>[vc_row][vc_column][rev_slider_vc alias=\u00a0\u00bbhomeslider_gr\u00a0\u00bb][\/vc_column][\/vc_row][vc_row][vc_column][vc_custom_heading text=\u00a0\u00bbAccueil\u00a0\u00bb][vc_column_text]<\/p>\n<h2><span id=\"result_box\" class=\"short_text\" lang=\"fr\" tabindex=\"-1\">Acc\u00e8s \u00e0 <span class=\"\">Stemnitsa<\/span><\/span><\/h2>\n<p>Trois chemins diff\u00e9rents nous m\u00e8nent \u00e0 la place centrale de <strong>Stemnitsa<\/strong>, qui se trouve \u00e0 une hauteur de 1100 m\u00e8tres. Le premier chemin est Tripoli \u2013 Levidi \u2013 Vitina \u2013 Dimitsana \u2013 <strong>Stemnitsa<\/strong>. Le second chemin, un trajet de 30 minutes en voiture, conduit de Vitina vers Pirgaki \u2013 Elati \u2013 <strong>Stemnitsa<\/strong>, en passant par la for\u00eat mythique de Menalon, toute couverte de sapins. Un monument de civilisation de la nature.<\/p>\n<p>Le troisi\u00e8me chemin est Tripoli \u2013 Chrisovitsi \u2013 <strong>Stemnitsa<\/strong>. De cette mani\u00e8re, on passe par la moiti\u00e9 de la for\u00eat, avec ses 71 pics. Pendant des si\u00e8cles, la for\u00eat de Menalon a embellit Stemnitsa, la reine et l\u2019orgueil de l\u2019Arcadie montagnarde. Elle est \u00e9galement consid\u00e9r\u00e9e comme l\u2019habitat mythique de Panas. Les trois cit\u00e9s de l\u2019Arcadie montagnarde, <strong>Stemnitsa<\/strong> \u2013 Karitena \u2013 <strong>Dimitsana<\/strong>, leur architecture, leur emplacement g\u00e9ographique ainsi que leur histoire, semblent \u00eatre les ornements de P\u00e9loponn\u00e8se, l\u2019h\u00e9ritage de la civilisation folklorique d\u00e8s l\u2019\u00e8re m\u00e9tabyzantine.<\/p>\n<p><img loading=\"lazy\" decoding=\"async\" class=\"aligncenter\" title=\"mpelleiko guesthouse stemnitsa\" src=\"https:\/\/mpelleiko.gr\/wp-content\/uploads\/2009\/12\/mpelleiko_guesthouse_CRW_0518.jpg\" alt=\"mpelleiko guesthouse stemnitsa\" width=\"670\" height=\"474\" \/><\/p>\n<div id=\"toggletext\">\n<h2>Stemnitsa<\/h2>\n<p>La r\u00e9gion de <strong>Stemnitsa<\/strong> s\u2019entoure de monuments historiques remarquables. Les ruines sacr\u00e9es d\u2019Ancienne Gortina, en 400 avant J.C. L\u2019Abbaye de Philosophe, en 930 apr\u00e8s J.C. Le couvent d\u2019Ai Yannis o Prodromos qui s\u2019est b\u00e2ti dans une place prestigieuse, d\u2019o\u00f9 r\u00e9sonne le ruissellement de la rivi\u00e8re mythique de Loussios. Les M\u00e9t\u00e9ores de la P\u00e9loponn\u00e8se. Plus haut, se situe le beau et tr\u00e8s hospitalier couvent d\u2019Aimialon. Tout est entour\u00e9 de l\u2019immense for\u00eat qui est couverte, pendant la nuit, d\u2019un voile d\u2019\u00e9toiles. Chaque surprise en cache une autre. Signalons le parcours magnifique de 9 km, de <strong>Stemnitsa<\/strong> \u00e0 Dimitsana.<\/p>\n<p>Un paysage qui nous rappelle celui des Delphes. Pendant le trajet, on rencontre Metohi \u00e0 Agios Dimitris, un village avec des fontaines en pierre, d\u2019o\u00f9 de l\u2019eau fra\u00eeche coule sans cesse. <strong>Stemnitsa<\/strong> a pris son nom \u00a0d\u2019un toponyme slave, qui signifie une r\u00e9gion ferm\u00e9e et bois\u00e9e. Son appellation primaire est Ipsous, la fille d\u2019Ipsouda, l\u2019un de 50 enfants d\u2019Arcade, la terre de tout dieu et tout h\u00e9ros mythique. Selon la mythologie grecque, <strong>l\u2019Arcadie<\/strong> constitue la terre d\u2019origine d\u2019Herm\u00e8s, de Zalefkos et d\u2019Ath\u00e9n\u00e9e, des entit\u00e9s spirituelles polyvalentes qui se transformaient constamment. Des enfants d\u2019un peuple sagace qui existe depuis l\u2019antiquit\u00e9.<\/p>\n<h2>Mpelleiko, h\u00f4tel traditionnel<\/h2>\n<p>En passant par le village, j\u2019ai remarqu\u00e9, par hasard, une petite enseigne en bois, \u00e9crite \u00e0 la main\u00a0: <strong>Mpelleiko<\/strong>, <strong>h\u00f4tel traditionnel<\/strong><strong> en pierre, avec une vue magnifique et illimit\u00e9e. Cet h\u00f4tel tiens son nom de son propri\u00e9taire\u00a0: Bella.<\/strong> Personne ne peut imaginer d\u2019un coup d\u2019\u0153il la beaut\u00e9 que <strong>Mpelleiko<\/strong> offre pour les yeux et l\u2019esprit. Cet h\u00f4tel traditionnel se trouve 300 m\u00e8tres de la route centrale de <strong>Stemnitsa<\/strong>. Un paysage s\u00e9duisant, d\u2019une beaut\u00e9 divine, qui nous m\u00e8ne \u00e0 une r\u00eaverie plut\u00f4t inspiratrice. Autour de <strong>Mpelleiko<\/strong>, l\u2019horizon \u00e9loign\u00e9 et vaste encadre le ciel, la mer, les montagnes et la terre arcadienne, comme l\u2019harmonie qui r\u00e9sulte d\u2019une m\u00e9lodie musicale.<\/p>\n<p><img loading=\"lazy\" decoding=\"async\" class=\"aligncenter size-full wp-image-691\" src=\"https:\/\/mpelleiko.gr\/wp-content\/uploads\/2009\/12\/mpelleiko-exoterikes-01.jpg\" alt=\"mpelleiko-stemnitsa-diamoni\" width=\"1240\" height=\"827\" srcset=\"https:\/\/mpelleiko.gr\/wp-content\/uploads\/2009\/12\/mpelleiko-exoterikes-01.jpg 1240w, https:\/\/mpelleiko.gr\/wp-content\/uploads\/2009\/12\/mpelleiko-exoterikes-01-300x200.jpg 300w, https:\/\/mpelleiko.gr\/wp-content\/uploads\/2009\/12\/mpelleiko-exoterikes-01-768x512.jpg 768w, https:\/\/mpelleiko.gr\/wp-content\/uploads\/2009\/12\/mpelleiko-exoterikes-01-1024x683.jpg 1024w, https:\/\/mpelleiko.gr\/wp-content\/uploads\/2009\/12\/mpelleiko-exoterikes-01-696x464.jpg 696w, https:\/\/mpelleiko.gr\/wp-content\/uploads\/2009\/12\/mpelleiko-exoterikes-01-1068x712.jpg 1068w, https:\/\/mpelleiko.gr\/wp-content\/uploads\/2009\/12\/mpelleiko-exoterikes-01-630x420.jpg 630w\" sizes=\"auto, (max-width: 1240px) 100vw, 1240px\" \/><\/p>\n<p>En face se trouve le Mont Likaion, \u00e0 gauche la montagne Taighetos et \u00e0 droite la mer d\u2019Ionion avec une vue lointaine vers l\u2019\u00eele Zakinthos. Toute image refl\u00e8te une pri\u00e8re prudente et po\u00e9tique et se baigne dans les plus profonds chuchotements de l\u2019\u00e2me. L\u00e0-haut on a l\u2019impression de toucher le ciel et de voyager avec les nuages, en tenant entre les mains la lune de la nuit constell\u00e9e d\u2019\u00e9toiles. Un r\u00eave sans fin !<\/p>\n<\/div>\n<p>[\/vc_column_text][\/vc_column][\/vc_row][vc_row][vc_column width=\u00a0\u00bb2\/3&Prime;][vc_column_text]<\/p>\n<div id=\"toggletext\">\n<p>Chaque chambre a sa chemin\u00e9e pour l\u2019hiver. Les draps blancs cousus \u00e0 la main de la grand-m\u00e8re et les couvertures color\u00e9es de laine faites au m\u00e9tier \u00e0 tisser, nous offrent des \u00e9motions originales et des sensations \u00e9troitement li\u00e9es \u00e0 l\u2019\u00e9poque de nos anc\u00eatres. Toutes les fen\u00eatres donnent sur un vaste horizon de ce paysage d\u2019une beaut\u00e9 incomparable o\u00f9 les sapins se tiennent debout et fiers dans leur solitude glorieuse. Des produits pr\u00e9par\u00e9s \u00e0 la maison sont servis pour le petit-d\u00e9jeuner, accompagn\u00e9s des souvenirs qui viennent des c\u00f4t\u00e9s les plus profonds de la tradition grecque. Les prix raisonnables d\u00e9montrent le respect pour les visiteurs du village. Une soir\u00e9e chez <strong>Mpelleiko<\/strong> et les dieux t\u2019accompagnent avec les rayons du soleil et les voix profondes de la nature qui viennent de la for\u00eat Menalon.<\/p>\n<p>Une soir\u00e9e chez <strong>Mpelleiko<\/strong> et toute ta vie se trouve dans un paradis terrestre avec cette beaut\u00e9 incomparable qui touche ton c\u0153ur et ton \u00e2me. Nena Grintzia, la propri\u00e9taire de <strong>Mpelleiko<\/strong> et dipl\u00f4m\u00e9e de Ma\u00eetrise en G\u00e9ologie, nous offre un accueil et une hospitalit\u00e9 essentielle et surtout chaleureuse.<\/p>\n<p>L\u2019itin\u00e9raire \u00e9picolyrique des sentiers de Menalon jusqu\u2019\u00e0 <strong>Mpelleiko<\/strong>, c\u2019est une capture d\u2019un regard immacul\u00e9 et d\u2019un r\u00eave palpable de l\u2019\u00e2me.<\/p>\n<p>Costas Stavropoulos* *une traduction libre du texte original de C. Stavropoulos <a id=\"toggleless\"><\/a>Lisez moins<\/p>\n<\/div>\n<p>[\/vc_column_text][\/vc_column][vc_column width=\u00a0\u00bb1\/3&Prime;][vc_single_image image=\u00a0\u00bb873&Prime; img_size=\u00a0\u00bbmedium\u00a0\u00bb alignment=\u00a0\u00bbright\u00a0\u00bb onclick=\u00a0\u00bbcustom_link\u00a0\u00bb img_link_target=\u00a0\u00bb_blank\u00a0\u00bb css_animation=\u00a0\u00bbslideInRight\u00a0\u00bb title=\u00a0\u00bbR\u00e9servation en ligne\u00a0\u00bb link=\u00a0\u00bbhttps:\/\/www.booking.com\/hotel\/gr\/mpellaiko.html?aid=338702&Prime;][\/vc_column][\/vc_row]<\/p>","protected":false},"excerpt":{"rendered":"<p>[vc_row][vc_column][rev_slider_vc alias=\u00a0\u00bbhomeslider_gr\u00a0\u00bb][\/vc_column][\/vc_row][vc_row][vc_column][vc_custom_heading text=\u00a0\u00bbAccueil\u00a0\u00bb][vc_column_text] Acc\u00e8s \u00e0 Stemnitsa Trois chemins diff\u00e9rents nous m\u00e8nent \u00e0 la place centrale de Stemnitsa, qui se trouve \u00e0 une hauteur de 1100 m\u00e8tres. Le premier chemin est Tripoli \u2013 Levidi \u2013 Vitina \u2013 Dimitsana \u2013 Stemnitsa. Le second chemin, un trajet de 30 minutes en voiture, conduit de Vitina vers Pirgaki \u2013 [&hellip;]<\/p>\n","protected":false},"author":1,"featured_media":0,"parent":0,"menu_order":0,"comment_status":"closed","ping_status":"closed","template":"","meta":{"footnotes":""},"class_list":["post-2","page","type-page","status-publish","hentry"],"_links":{"self":[{"href":"https:\/\/mpelleiko.gr\/fr\/wp-json\/wp\/v2\/pages\/2","targetHints":{"allow":["GET"]}}],"collection":[{"href":"https:\/\/mpelleiko.gr\/fr\/wp-json\/wp\/v2\/pages"}],"about":[{"href":"https:\/\/mpelleiko.gr\/fr\/wp-json\/wp\/v2\/types\/page"}],"author":[{"embeddable":true,"href":"https:\/\/mpelleiko.gr\/fr\/wp-json\/wp\/v2\/users\/1"}],"replies":[{"embeddable":true,"href":"https:\/\/mpelleiko.gr\/fr\/wp-json\/wp\/v2\/comments?post=2"}],"version-history":[{"count":6,"href":"https:\/\/mpelleiko.gr\/fr\/wp-json\/wp\/v2\/pages\/2\/revisions"}],"predecessor-version":[{"id":930,"href":"https:\/\/mpelleiko.gr\/fr\/wp-json\/wp\/v2\/pages\/2\/revisions\/930"}],"wp:attachment":[{"href":"https:\/\/mpelleiko.gr\/fr\/wp-json\/wp\/v2\/media?parent=2"}],"curies":[{"name":"wp","href":"https:\/\/api.w.org\/{rel}","templated":true}]}}