{"id":591,"date":"2017-07-23T16:49:14","date_gmt":"2017-07-23T16:49:14","guid":{"rendered":"https:\/\/mpelleiko.gr\/?page_id=591"},"modified":"2017-07-24T16:58:56","modified_gmt":"2017-07-24T16:58:56","slug":"facilities-mpelleiko-parohes","status":"publish","type":"page","link":"https:\/\/mpelleiko.gr\/fr\/facilities-mpelleiko-parohes\/","title":{"rendered":"Equipements-Facilit\u00e9s"},"content":{"rendered":"<p><br \/>\n<br \/>\n<strong><span>Chambres d\u2019h\u00f4tes<\/span>:<\/strong><\/p>\n<ul>\n<li><span lang=\"es-ES\">Petit d\u00e9jeuner complet avec des produits fait maison (pain p\u00e9tri, tartes aux l\u00e9gumes, confitures\u2026) servi dans la chambre, la chambre d\u2019\u00e9t\u00e9 (ontas) ou sur la terrasse. <\/span><\/li>\n<li><span lang=\"es-ES\">WiFi <\/span><\/li>\n<li><span lang=\"es-ES\">Jeux de soci\u00e9t\u00e9 <\/span><\/li>\n<li><span lang=\"es-ES\">Grand vari\u00e9t\u00e9 de CD et lecteur de CD <\/span><\/li>\n<li><span lang=\"es-ES\">Biblioth\u00e8que <\/span><\/li>\n<li><span lang=\"es-ES\">Information touristique disponible sur la r\u00e9gion (d\u00e9pliants, explications orales) <\/span><\/li>\n<li><span lang=\"es-ES\">Tables disponibles sur les terrasses <\/span><\/li>\n<li><span lang=\"es-ES\">Bar avec \u00e2tre dans la chambre d\u2019\u00e9t\u00e9 (ontas)<\/span><\/li>\n<\/ul>\n<p><span lang=\"es-ES\"><strong>Chambre<\/strong> <\/span><\/p>\n<ul>\n<li><span lang=\"es-ES\">Lecteur de CD <\/span><\/li>\n<li><span lang=\"es-ES\">Biblioth\u00e8que <\/span><\/li>\n<li><span lang=\"es-ES\">T\u00e9l\u00e9phone <\/span><\/li>\n<li><span lang=\"es-ES\">Wi-Fi <\/span><\/li>\n<li><span lang=\"es-ES\">S\u00e8che- cheveux <\/span><\/li>\n<li><span lang=\"es-ES\">Shampoing et gel de douche <\/span><\/li>\n<li><span lang=\"es-ES\">Atre dans quatre chambres <\/span><\/li>\n<li><span lang=\"es-ES\">Terrasse priv\u00e9e dans 3 chambres<\/span><\/li>\n<\/ul>\n<p><\/p>","protected":false},"excerpt":{"rendered":"<p>Chambres d\u2019h\u00f4tes: Petit d\u00e9jeuner complet avec des produits fait maison (pain p\u00e9tri, tartes aux l\u00e9gumes, confitures\u2026) servi dans la chambre, la chambre d\u2019\u00e9t\u00e9 (ontas) ou sur la terrasse. WiFi Jeux de soci\u00e9t\u00e9 Grand vari\u00e9t\u00e9 de CD et lecteur de CD Biblioth\u00e8que Information touristique disponible sur la r\u00e9gion (d\u00e9pliants, explications orales) Tables disponibles sur les terrasses [&hellip;]<\/p>\n","protected":false},"author":1,"featured_media":0,"parent":0,"menu_order":0,"comment_status":"closed","ping_status":"closed","template":"","meta":{"footnotes":""},"class_list":["post-591","page","type-page","status-publish","hentry"],"_links":{"self":[{"href":"https:\/\/mpelleiko.gr\/fr\/wp-json\/wp\/v2\/pages\/591","targetHints":{"allow":["GET"]}}],"collection":[{"href":"https:\/\/mpelleiko.gr\/fr\/wp-json\/wp\/v2\/pages"}],"about":[{"href":"https:\/\/mpelleiko.gr\/fr\/wp-json\/wp\/v2\/types\/page"}],"author":[{"embeddable":true,"href":"https:\/\/mpelleiko.gr\/fr\/wp-json\/wp\/v2\/users\/1"}],"replies":[{"embeddable":true,"href":"https:\/\/mpelleiko.gr\/fr\/wp-json\/wp\/v2\/comments?post=591"}],"version-history":[{"count":1,"href":"https:\/\/mpelleiko.gr\/fr\/wp-json\/wp\/v2\/pages\/591\/revisions"}],"predecessor-version":[{"id":592,"href":"https:\/\/mpelleiko.gr\/fr\/wp-json\/wp\/v2\/pages\/591\/revisions\/592"}],"wp:attachment":[{"href":"https:\/\/mpelleiko.gr\/fr\/wp-json\/wp\/v2\/media?parent=591"}],"curies":[{"name":"wp","href":"https:\/\/api.w.org\/{rel}","templated":true}]}}